{"id":12,"date":"2023-02-28T22:38:53","date_gmt":"2023-02-28T19:38:53","guid":{"rendered":"http:\/\/horyanmadencilik.com\/?page_id=12"},"modified":"2023-02-28T22:39:48","modified_gmt":"2023-02-28T19:39:48","slug":"bir-ana-sayfa-bolumu","status":"publish","type":"page","link":"http:\/\/horyanmadencilik.com\/index.php\/bir-ana-sayfa-bolumu\/","title":{"rendered":"Bir ana sayfa b\u00f6l\u00fcm\u00fc"},"content":{"rendered":"\n<p>Bu \u00f6rnek bir ana sayfa b\u00f6l\u00fcm\u00fcd\u00fcr. Ana sayfa b\u00f6l\u00fcmleri ana sayfan\u0131n harici hari\u00e7 herhangi bir sayfa olabilir, en son blog yaz\u0131lar\u0131n\u0131z\u0131 g\u00f6steren sayfa dahil.<\/p>\n","protected":false},"excerpt":{"rendered":"<p>Bu \u00f6rnek bir ana sayfa b\u00f6l\u00fcm\u00fcd\u00fcr. Ana sayfa b\u00f6l\u00fcmleri ana sayfan\u0131n harici hari\u00e7 herhangi bir sayfa olabilir, en son blog yaz\u0131lar\u0131n\u0131z\u0131 g\u00f6steren sayfa dahil.<\/p>\n","protected":false},"author":1,"featured_media":30,"parent":0,"menu_order":0,"comment_status":"closed","ping_status":"closed","template":"","meta":{"footnotes":""},"class_list":["post-12","page","type-page","status-publish","has-post-thumbnail","hentry"],"_links":{"self":[{"href":"http:\/\/horyanmadencilik.com\/index.php\/wp-json\/wp\/v2\/pages\/12","targetHints":{"allow":["GET"]}}],"collection":[{"href":"http:\/\/horyanmadencilik.com\/index.php\/wp-json\/wp\/v2\/pages"}],"about":[{"href":"http:\/\/horyanmadencilik.com\/index.php\/wp-json\/wp\/v2\/types\/page"}],"author":[{"embeddable":true,"href":"http:\/\/horyanmadencilik.com\/index.php\/wp-json\/wp\/v2\/users\/1"}],"replies":[{"embeddable":true,"href":"http:\/\/horyanmadencilik.com\/index.php\/wp-json\/wp\/v2\/comments?post=12"}],"version-history":[{"count":1,"href":"http:\/\/horyanmadencilik.com\/index.php\/wp-json\/wp\/v2\/pages\/12\/revisions"}],"predecessor-version":[{"id":20,"href":"http:\/\/horyanmadencilik.com\/index.php\/wp-json\/wp\/v2\/pages\/12\/revisions\/20"}],"wp:featuredmedia":[{"embeddable":true,"href":"http:\/\/horyanmadencilik.com\/index.php\/wp-json\/wp\/v2\/media\/30"}],"wp:attachment":[{"href":"http:\/\/horyanmadencilik.com\/index.php\/wp-json\/wp\/v2\/media?parent=12"}],"curies":[{"name":"wp","href":"https:\/\/api.w.org\/{rel}","templated":true}]}}